{"id":82,"date":"2025-09-08T18:33:18","date_gmt":"2025-09-08T18:33:18","guid":{"rendered":"https:\/\/clomiec.com\/?page_id=82"},"modified":"2026-05-07T08:06:25","modified_gmt":"2026-05-07T08:06:25","slug":"contact","status":"publish","type":"page","link":"https:\/\/clomiec.com\/en\/contact\/","title":{"rendered":"Contact"},"content":{"rendered":"\t\t<div data-elementor-type=\"wp-page\" data-elementor-id=\"82\" class=\"elementor elementor-82\">\n\t\t\t\t<div class=\"elementor-element elementor-element-6e31652 e-flex e-con-boxed elementor-invisible e-con e-parent\" data-id=\"6e31652\" data-element_type=\"container\" data-e-type=\"container\" data-settings=\"{&quot;animation&quot;:&quot;fadeInDown&quot;}\">\n\t\t\t\t\t<div class=\"e-con-inner\">\n\t\t\t\t<div class=\"elementor-element elementor-element-08e05ad elementor-invisible elementor-widget elementor-widget-heading\" data-id=\"08e05ad\" data-element_type=\"widget\" data-e-type=\"widget\" data-settings=\"{&quot;_animation&quot;:&quot;fadeInDown&quot;}\" data-widget_type=\"heading.default\">\n\t\t\t\t\t<h1 class=\"elementor-heading-title elementor-size-default\">Contacto<\/h1>\t\t\t\t<\/div>\n\t\t\t\t\t<\/div>\n\t\t\t\t<\/div>\n\t\t<div class=\"elementor-element elementor-element-7233723 e-flex e-con-boxed e-con e-parent\" data-id=\"7233723\" data-element_type=\"container\" data-e-type=\"container\">\n\t\t\t\t\t<div class=\"e-con-inner\">\n\t\t\t\t<div class=\"elementor-element elementor-element-985f370 elementor-invisible elementor-widget elementor-widget-wpforms\" data-id=\"985f370\" data-element_type=\"widget\" data-e-type=\"widget\" data-settings=\"{&quot;_animation&quot;:&quot;fadeInUp&quot;}\" data-widget_type=\"wpforms.default\">\n\t\t\t\t<div class=\"elementor-widget-container\">\n\t\t\t\t\t<style id=\"wpforms-css-vars-elementor-widget-985f370\">\n\t\t\t\t.elementor-widget-wpforms.elementor-element-985f370 {\n\t\t\t\t--wpforms-field-border-color: #cccccc;\n--wpforms-field-border-color-spare: #cccccc;\n--wpforms-field-text-color: #444444;\n--wpforms-label-color: #262626;\n--wpforms-button-background-color: #dddddd;\n--wpforms-button-text-color: #666666;\n--wpforms-label-sublabel-color: #7f7f7f;\n--wpforms-label-error-color: #ff0000;\n--wpforms-button-border-style: solid;\n--wpforms-button-border-color: #cccccc;\n--wpforms-page-break-color: #dddddd;\n--wpforms-label-size-font-size: 14px;\n--wpforms-label-size-line-height: 17px;\n--wpforms-label-size-sublabel-font-size: 13px;\n--wpforms-label-size-sublabel-line-height: 16px;\n\t\t\t}\n\t\t\t<\/style><div class=\"wpforms-container wpforms-container-full wpforms-render-modern\" id=\"wpforms-78\"><form id=\"wpforms-form-78\" class=\"wpforms-validate wpforms-form wpforms-ajax-form\" data-formid=\"78\" method=\"post\" enctype=\"multipart\/form-data\" action=\"\/en\/wp-json\/wp\/v2\/pages\/82\" data-token=\"e2509c2c6f847dab27c2eed4dfe524d3\" data-token-time=\"1778539521\"><noscript class=\"wpforms-error-noscript\">Please enable JavaScript in your browser to complete this form.<\/noscript><div id=\"wpforms-error-noscript\" style=\"display: none;\">Please enable JavaScript in your browser to complete this form.<\/div><div class=\"wpforms-field-container\"><div id=\"wpforms-78-field_1-container\" class=\"wpforms-field wpforms-field-name input-nombre\" data-field-id=\"1\"><label class=\"wpforms-field-label\" for=\"wpforms-78-field_1\">\u00bfC\u00f3mo te llamas? <span class=\"wpforms-required-label\" aria-hidden=\"true\">*<\/span><\/label><input type=\"text\" id=\"wpforms-78-field_1\" class=\"wpforms-field-large wpforms-field-required\" name=\"wpforms[fields][1]\" aria-errormessage=\"wpforms-78-field_1-error\" required><\/div><div id=\"wpforms-78-field_2-container\" class=\"wpforms-field wpforms-field-email input-email\" data-field-id=\"2\"><label class=\"wpforms-field-label\" for=\"wpforms-78-field_2\">\u00bfCu\u00e1l es tu E-Mail? <span class=\"wpforms-required-label\" aria-hidden=\"true\">*<\/span><\/label><input type=\"email\" id=\"wpforms-78-field_2\" class=\"wpforms-field-large wpforms-field-required\" name=\"wpforms[fields][2]\" spellcheck=\"false\" aria-errormessage=\"wpforms-78-field_2-error\" required><\/div><div id=\"wpforms-78-field_4-container\" class=\"wpforms-field wpforms-field-select input-servicio wpforms-field-select-style-modern\" data-field-id=\"4\"><label class=\"wpforms-field-label\" for=\"wpforms-78-field_4\">Selecciona la opci\u00f3n que necesites <span class=\"wpforms-required-label\" aria-hidden=\"true\">*<\/span><\/label><select id=\"wpforms-78-field_4\" class=\"wpforms-field-large wpforms-field-required choicesjs-select\" data-size-class=\"wpforms-field-row wpforms-field-large\" data-search-enabled=\"\" name=\"wpforms[fields][4]\" required=\"required\"><option value=\"\" class=\"placeholder\" disabled  selected='selected'>-- Selecciona la opci\u00f3n --<\/option><option value=\"Composici\u00f3n \/ Producci\u00f3n Musical \/ Sound Design\"  class=\"choice-1 depth-1\"  >Composici\u00f3n \/ Producci\u00f3n Musical \/ Sound Design<\/option><option value=\"Post-Producci\u00f3n de Audio (Mezcla \/ Masterizaci\u00f3n)\"  class=\"choice-2 depth-1\"  >Post-Producci\u00f3n de Audio (Mezcla \/ Masterizaci\u00f3n)<\/option><option value=\"Formaci\u00f3n\"  class=\"choice-4 depth-1\"  >Formaci\u00f3n<\/option><option value=\"Contacto General\"  class=\"choice-5 depth-1\"  >Contacto General<\/option><\/select><\/div><div id=\"wpforms-78-field_3-container\" class=\"wpforms-field wpforms-field-textarea input-mensaje\" data-field-id=\"3\"><label class=\"wpforms-field-label\" for=\"wpforms-78-field_3\">\u00bfEn qu\u00e9 puedo ayudarte? (S\u00e9 lo m\u00e1s detallista posible) <span class=\"wpforms-required-label\" aria-hidden=\"true\">*<\/span><\/label><textarea id=\"wpforms-78-field_3\" class=\"wpforms-field-medium wpforms-field-required\" name=\"wpforms[fields][3]\" aria-errormessage=\"wpforms-78-field_3-error\" required><\/textarea><\/div>\t\t<div id=\"wpforms-78-field_5-container\"\n\t\t\tclass=\"wpforms-field wpforms-field-text\"\n\t\t\tdata-field-type=\"text\"\n\t\t\tdata-field-id=\"5\"\n\t\t\t>\n\t\t\t<label class=\"wpforms-field-label\" for=\"wpforms-78-field_5\" >verificaci\u00f3n lo te<\/label>\n\t\t\t<input type=\"text\" id=\"wpforms-78-field_5\" class=\"wpforms-field-medium\" name=\"wpforms[fields][5]\" >\n\t\t<\/div>\n\t\t<div id=\"wpforms-78-field_6-container\" class=\"wpforms-field wpforms-field-checkbox\" data-field-id=\"6\"><fieldset><legend class=\"wpforms-field-label wpforms-label-hide\" aria-hidden=\"false\">Casillas de verificaci\u00f3n <span class=\"wpforms-required-label\" aria-hidden=\"true\">*<\/span><\/legend><ul id=\"wpforms-78-field_6\" class=\"wpforms-field-required\"><li class=\"choice-1 depth-1\"><input type=\"checkbox\" id=\"wpforms-78-field_6_1\" name=\"wpforms[fields][6][]\" value=\"He le\u00eddo y acepto la pol\u00edtica de privacidad de esta web.\" aria-errormessage=\"wpforms-78-field_6_1-error\" required ><label class=\"wpforms-field-label-inline\" for=\"wpforms-78-field_6_1\">He le\u00eddo y acepto la pol\u00edtica de privacidad de esta web.<\/label><\/li><\/ul><\/fieldset><\/div><script>\n\t\t\t\t( function() {\n\t\t\t\t\tconst style = document.createElement( 'style' );\n\t\t\t\t\tstyle.appendChild( document.createTextNode( '#wpforms-78-field_5-container { position: absolute !important; overflow: hidden !important; display: inline !important; height: 1px !important; width: 1px !important; z-index: -1000 !important; padding: 0 !important; } #wpforms-78-field_5-container input { visibility: hidden; } #wpforms-conversational-form-page #wpforms-78-field_5-container label { counter-increment: none; }' ) );\n\t\t\t\t\tdocument.head.appendChild( style );\n\t\t\t\t\tdocument.currentScript?.remove();\n\t\t\t\t} )();\n\t\t\t<\/script><\/div><!-- .wpforms-field-container --><div class=\"wpforms-submit-container\" ><input type=\"hidden\" name=\"wpforms[id]\" value=\"78\"><input type=\"hidden\" name=\"page_title\" value=\"\"><input type=\"hidden\" name=\"page_url\" value=\"https:\/\/clomiec.com\/en\/wp-json\/wp\/v2\/pages\/82\"><input type=\"hidden\" name=\"url_referer\" value=\"\"><button type=\"submit\" name=\"wpforms[submit]\" id=\"wpforms-submit-78\" class=\"wpforms-submit\" data-alt-text=\"Enviando...\" data-submit-text=\"Enviar\" aria-live=\"assertive\" value=\"wpforms-submit\">Enviar<\/button><img decoding=\"async\" src=\"https:\/\/clomiec.com\/wp-content\/plugins\/wpforms-lite\/assets\/images\/submit-spin.svg\" class=\"wpforms-submit-spinner\" style=\"display: none;\" width=\"26\" height=\"26\" alt=\"Loading\"><\/div><\/form><\/div>  <!-- .wpforms-container -->\t\t\t\t<\/div>\n\t\t\t\t<\/div>\n\t\t<div class=\"elementor-element elementor-element-0619cab e-con-full e-flex elementor-invisible e-con e-child\" data-id=\"0619cab\" data-element_type=\"container\" data-e-type=\"container\" data-settings=\"{&quot;animation&quot;:&quot;fadeInUp&quot;}\">\n\t\t\t\t<div class=\"elementor-element elementor-element-d095b98 elementor-widget elementor-widget-text-editor\" data-id=\"d095b98\" data-element_type=\"widget\" data-e-type=\"widget\" data-widget_type=\"text-editor.default\">\n\t\t\t\t\t\t\t\t\t<p><i><span style=\"font-weight: 400; font-size: 13px;\">Jos\u00e9 Alberto como responsable del tratamiento y legitimado por tu consentimiento tratar\u00e1 tus datos con la finalidad de gestionar la solicitud que realizas en esta web. tendr\u00e9 tus datos s\u00f3lo durante 6 meses desde tu \u00faltimo mensaje o mientras dure nuestra relaci\u00f3n contractual. Tus datos estar\u00e1n alojados en Hostinger, mi plataforma de hosting, y gestionados a trav\u00e9s de Gmail. Tienes derecho a acceder, rectificar, oponerte y suprimir tus datos, as\u00ed como otros derechos, en <strong>clomiec@clomiec.com<\/strong> o ante la autoridad de control. Tienes informaci\u00f3n adicional en la pol\u00edtica de privacidad.<\/span><\/i><\/p>\t\t\t\t\t\t\t\t<\/div>\n\t\t\t\t<\/div>\n\t\t\t\t\t<\/div>\n\t\t\t\t<\/div>\n\t\t<div class=\"elementor-element elementor-element-4b745df e-flex e-con-boxed e-con e-parent\" data-id=\"4b745df\" data-element_type=\"container\" data-e-type=\"container\">\n\t\t\t\t\t<div class=\"e-con-inner\">\n\t\t\t\t<div class=\"elementor-element elementor-element-770276f elementor-widget elementor-widget-image\" data-id=\"770276f\" data-element_type=\"widget\" data-e-type=\"widget\" data-widget_type=\"image.default\">\n\t\t\t\t\t\t\t\t\t\t\t\t\t\t\t\t<a href=\"https:\/\/clomiec.com\/\">\n\t\t\t\t\t\t\t<img decoding=\"async\" width=\"150\" height=\"150\" src=\"https:\/\/clomiec.com\/wp-content\/uploads\/2026\/05\/clomiec-logo-footer-web-150x150.png\" class=\"attachment-thumbnail size-thumbnail wp-image-1330\" alt=\"clomiec-logo-footer-web\" srcset=\"https:\/\/clomiec.com\/wp-content\/uploads\/2026\/05\/clomiec-logo-footer-web-150x150.png 150w, https:\/\/clomiec.com\/wp-content\/uploads\/2026\/05\/clomiec-logo-footer-web-300x300.png 300w, https:\/\/clomiec.com\/wp-content\/uploads\/2026\/05\/clomiec-logo-footer-web-12x12.png 12w, https:\/\/clomiec.com\/wp-content\/uploads\/2026\/05\/clomiec-logo-footer-web.png 512w\" sizes=\"(max-width: 150px) 100vw, 150px\" \/>\t\t\t\t\t\t\t\t<\/a>\n\t\t\t\t\t\t\t\t\t\t\t\t\t\t\t<\/div>\n\t\t\t\t\t<\/div>\n\t\t\t\t<\/div>\n\t\t\t\t<\/div>\n\t\t","protected":false},"excerpt":{"rendered":"<p>Contacto Por favor, activa JavaScript en tu navegador para completar este formulario.Por favor, activa JavaScript en tu navegador para completar este formulario.\u00bfC\u00f3mo te llamas? *\u00bfCu\u00e1l es tu E-Mail? *Selecciona la opci\u00f3n que necesites *&#8212; Selecciona la opci\u00f3n &#8212;Composici\u00f3n \/ Producci\u00f3n Musical \/ Sound DesignPost-Producci\u00f3n de Audio (Mezcla \/ Masterizaci\u00f3n)Formaci\u00f3nContacto General\u00bfEn qu\u00e9 puedo ayudarte? (S\u00e9 lo [&hellip;]<\/p>\n","protected":false},"author":1,"featured_media":0,"parent":0,"menu_order":0,"comment_status":"closed","ping_status":"closed","template":"","meta":{"_monsterinsights_skip_tracking":false,"_monsterinsights_sitenote_active":false,"_monsterinsights_sitenote_note":"","_monsterinsights_sitenote_category":0,"footnotes":""},"class_list":["post-82","page","type-page","status-publish","hentry"],"yoast_head":"<!-- This site is optimized with the Yoast SEO plugin v27.5 - https:\/\/yoast.com\/product\/yoast-seo-wordpress\/ -->\n<title>Contact - CLOMIE\u0186<\/title>\n<meta name=\"robots\" content=\"noindex, nofollow\" \/>\n<meta property=\"og:locale\" content=\"en_US\" \/>\n<meta property=\"og:type\" content=\"article\" \/>\n<meta property=\"og:title\" content=\"Contact - CLOMIE\u0186\" \/>\n<meta property=\"og:description\" content=\"Contacto Por favor, activa JavaScript en tu navegador para completar este formulario.Por favor, activa JavaScript en tu navegador para completar este formulario.\u00bfC\u00f3mo te llamas? *\u00bfCu\u00e1l es tu E-Mail? *Selecciona la opci\u00f3n que necesites *&#8212; Selecciona la opci\u00f3n &#8212;Composici\u00f3n \/ Producci\u00f3n Musical \/ Sound DesignPost-Producci\u00f3n de Audio (Mezcla \/ Masterizaci\u00f3n)Formaci\u00f3nContacto General\u00bfEn qu\u00e9 puedo ayudarte? (S\u00e9 lo [&hellip;]\" \/>\n<meta property=\"og:url\" content=\"https:\/\/clomiec.com\/en\/contact\/\" \/>\n<meta property=\"og:site_name\" content=\"CLOMIE\u0186\" \/>\n<meta property=\"article:modified_time\" content=\"2026-05-07T08:06:25+00:00\" \/>\n<meta property=\"og:image\" content=\"https:\/\/clomiec.com\/wp-content\/plugins\/wpforms-lite\/assets\/images\/submit-spin.svg\" \/>\n<meta name=\"twitter:card\" content=\"summary_large_image\" \/>\n<meta name=\"twitter:label1\" content=\"Est. reading time\" \/>\n\t<meta name=\"twitter:data1\" content=\"1 minute\" \/>\n<script type=\"application\/ld+json\" class=\"yoast-schema-graph\">{\"@context\":\"https:\\\/\\\/schema.org\",\"@graph\":[{\"@type\":\"WebPage\",\"@id\":\"https:\\\/\\\/clomiec.com\\\/contact\\\/\",\"url\":\"https:\\\/\\\/clomiec.com\\\/contact\\\/\",\"name\":\"Contact - CLOMIE\u0186\",\"isPartOf\":{\"@id\":\"https:\\\/\\\/clomiec.com\\\/#website\"},\"primaryImageOfPage\":{\"@id\":\"https:\\\/\\\/clomiec.com\\\/contact\\\/#primaryimage\"},\"image\":{\"@id\":\"https:\\\/\\\/clomiec.com\\\/contact\\\/#primaryimage\"},\"thumbnailUrl\":\"https:\\\/\\\/clomiec.com\\\/wp-content\\\/plugins\\\/wpforms-lite\\\/assets\\\/images\\\/submit-spin.svg\",\"datePublished\":\"2025-09-08T18:33:18+00:00\",\"dateModified\":\"2026-05-07T08:06:25+00:00\",\"breadcrumb\":{\"@id\":\"https:\\\/\\\/clomiec.com\\\/contact\\\/#breadcrumb\"},\"inLanguage\":\"en-US\",\"potentialAction\":[{\"@type\":\"ReadAction\",\"target\":[\"https:\\\/\\\/clomiec.com\\\/contact\\\/\"]}]},{\"@type\":\"ImageObject\",\"inLanguage\":\"en-US\",\"@id\":\"https:\\\/\\\/clomiec.com\\\/contact\\\/#primaryimage\",\"url\":\"https:\\\/\\\/clomiec.com\\\/wp-content\\\/plugins\\\/wpforms-lite\\\/assets\\\/images\\\/submit-spin.svg\",\"contentUrl\":\"https:\\\/\\\/clomiec.com\\\/wp-content\\\/plugins\\\/wpforms-lite\\\/assets\\\/images\\\/submit-spin.svg\"},{\"@type\":\"BreadcrumbList\",\"@id\":\"https:\\\/\\\/clomiec.com\\\/contact\\\/#breadcrumb\",\"itemListElement\":[{\"@type\":\"ListItem\",\"position\":1,\"name\":\"Portada\",\"item\":\"https:\\\/\\\/clomiec.com\\\/en\\\/\"},{\"@type\":\"ListItem\",\"position\":2,\"name\":\"Contact\"}]},{\"@type\":\"WebSite\",\"@id\":\"https:\\\/\\\/clomiec.com\\\/#website\",\"url\":\"https:\\\/\\\/clomiec.com\\\/\",\"name\":\"CLOMIE\u0186\",\"description\":\"\",\"publisher\":{\"@id\":\"https:\\\/\\\/clomiec.com\\\/#organization\"},\"potentialAction\":[{\"@type\":\"SearchAction\",\"target\":{\"@type\":\"EntryPoint\",\"urlTemplate\":\"https:\\\/\\\/clomiec.com\\\/?s={search_term_string}\"},\"query-input\":{\"@type\":\"PropertyValueSpecification\",\"valueRequired\":true,\"valueName\":\"search_term_string\"}}],\"inLanguage\":\"en-US\"},{\"@type\":\"Organization\",\"@id\":\"https:\\\/\\\/clomiec.com\\\/#organization\",\"name\":\"CLOMIE\u0186\",\"url\":\"https:\\\/\\\/clomiec.com\\\/\",\"logo\":{\"@type\":\"ImageObject\",\"inLanguage\":\"en-US\",\"@id\":\"https:\\\/\\\/clomiec.com\\\/#\\\/schema\\\/logo\\\/image\\\/\",\"url\":\"https:\\\/\\\/clomiec.com\\\/wp-content\\\/uploads\\\/2026\\\/05\\\/clomiec-logo-web-b.png\",\"contentUrl\":\"https:\\\/\\\/clomiec.com\\\/wp-content\\\/uploads\\\/2026\\\/05\\\/clomiec-logo-web-b.png\",\"width\":1000,\"height\":293,\"caption\":\"CLOMIE\u0186\"},\"image\":{\"@id\":\"https:\\\/\\\/clomiec.com\\\/#\\\/schema\\\/logo\\\/image\\\/\"}}]}<\/script>\n<!-- \/ Yoast SEO plugin. -->","yoast_head_json":{"title":"Contact - CLOMIE\u0186","robots":{"index":"noindex","follow":"nofollow"},"og_locale":"en_US","og_type":"article","og_title":"Contact - CLOMIE\u0186","og_description":"Contacto Por favor, activa JavaScript en tu navegador para completar este formulario.Por favor, activa JavaScript en tu navegador para completar este formulario.\u00bfC\u00f3mo te llamas? *\u00bfCu\u00e1l es tu E-Mail? *Selecciona la opci\u00f3n que necesites *&#8212; Selecciona la opci\u00f3n &#8212;Composici\u00f3n \/ Producci\u00f3n Musical \/ Sound DesignPost-Producci\u00f3n de Audio (Mezcla \/ Masterizaci\u00f3n)Formaci\u00f3nContacto General\u00bfEn qu\u00e9 puedo ayudarte? (S\u00e9 lo [&hellip;]","og_url":"https:\/\/clomiec.com\/en\/contact\/","og_site_name":"CLOMIE\u0186","article_modified_time":"2026-05-07T08:06:25+00:00","og_image":[{"url":"https:\/\/clomiec.com\/wp-content\/plugins\/wpforms-lite\/assets\/images\/submit-spin.svg","type":"","width":"","height":""}],"twitter_card":"summary_large_image","twitter_misc":{"Est. reading time":"1 minute"},"schema":{"@context":"https:\/\/schema.org","@graph":[{"@type":"WebPage","@id":"https:\/\/clomiec.com\/contact\/","url":"https:\/\/clomiec.com\/contact\/","name":"Contact - CLOMIE\u0186","isPartOf":{"@id":"https:\/\/clomiec.com\/#website"},"primaryImageOfPage":{"@id":"https:\/\/clomiec.com\/contact\/#primaryimage"},"image":{"@id":"https:\/\/clomiec.com\/contact\/#primaryimage"},"thumbnailUrl":"https:\/\/clomiec.com\/wp-content\/plugins\/wpforms-lite\/assets\/images\/submit-spin.svg","datePublished":"2025-09-08T18:33:18+00:00","dateModified":"2026-05-07T08:06:25+00:00","breadcrumb":{"@id":"https:\/\/clomiec.com\/contact\/#breadcrumb"},"inLanguage":"en-US","potentialAction":[{"@type":"ReadAction","target":["https:\/\/clomiec.com\/contact\/"]}]},{"@type":"ImageObject","inLanguage":"en-US","@id":"https:\/\/clomiec.com\/contact\/#primaryimage","url":"https:\/\/clomiec.com\/wp-content\/plugins\/wpforms-lite\/assets\/images\/submit-spin.svg","contentUrl":"https:\/\/clomiec.com\/wp-content\/plugins\/wpforms-lite\/assets\/images\/submit-spin.svg"},{"@type":"BreadcrumbList","@id":"https:\/\/clomiec.com\/contact\/#breadcrumb","itemListElement":[{"@type":"ListItem","position":1,"name":"Portada","item":"https:\/\/clomiec.com\/en\/"},{"@type":"ListItem","position":2,"name":"Contact"}]},{"@type":"WebSite","@id":"https:\/\/clomiec.com\/#website","url":"https:\/\/clomiec.com\/","name":"CLOMIE\u0186","description":"","publisher":{"@id":"https:\/\/clomiec.com\/#organization"},"potentialAction":[{"@type":"SearchAction","target":{"@type":"EntryPoint","urlTemplate":"https:\/\/clomiec.com\/?s={search_term_string}"},"query-input":{"@type":"PropertyValueSpecification","valueRequired":true,"valueName":"search_term_string"}}],"inLanguage":"en-US"},{"@type":"Organization","@id":"https:\/\/clomiec.com\/#organization","name":"CLOMIE\u0186","url":"https:\/\/clomiec.com\/","logo":{"@type":"ImageObject","inLanguage":"en-US","@id":"https:\/\/clomiec.com\/#\/schema\/logo\/image\/","url":"https:\/\/clomiec.com\/wp-content\/uploads\/2026\/05\/clomiec-logo-web-b.png","contentUrl":"https:\/\/clomiec.com\/wp-content\/uploads\/2026\/05\/clomiec-logo-web-b.png","width":1000,"height":293,"caption":"CLOMIE\u0186"},"image":{"@id":"https:\/\/clomiec.com\/#\/schema\/logo\/image\/"}}]}},"_links":{"self":[{"href":"https:\/\/clomiec.com\/en\/wp-json\/wp\/v2\/pages\/82","targetHints":{"allow":["GET"]}}],"collection":[{"href":"https:\/\/clomiec.com\/en\/wp-json\/wp\/v2\/pages"}],"about":[{"href":"https:\/\/clomiec.com\/en\/wp-json\/wp\/v2\/types\/page"}],"author":[{"embeddable":true,"href":"https:\/\/clomiec.com\/en\/wp-json\/wp\/v2\/users\/1"}],"replies":[{"embeddable":true,"href":"https:\/\/clomiec.com\/en\/wp-json\/wp\/v2\/comments?post=82"}],"version-history":[{"count":77,"href":"https:\/\/clomiec.com\/en\/wp-json\/wp\/v2\/pages\/82\/revisions"}],"predecessor-version":[{"id":1348,"href":"https:\/\/clomiec.com\/en\/wp-json\/wp\/v2\/pages\/82\/revisions\/1348"}],"wp:attachment":[{"href":"https:\/\/clomiec.com\/en\/wp-json\/wp\/v2\/media?parent=82"}],"curies":[{"name":"wp","href":"https:\/\/api.w.org\/{rel}","templated":true}]}}